{"id":21,"date":"2022-02-02T11:03:46","date_gmt":"2022-02-02T11:03:46","guid":{"rendered":"https:\/\/accumoli.com\/?page_id=21"},"modified":"2022-03-23T09:10:07","modified_gmt":"2022-03-23T09:10:07","slug":"about-us","status":"publish","type":"page","link":"https:\/\/accumoli.com\/tr\/about-us\/","title":{"rendered":"Bizim Hakk\u0131m\u0131zda"},"content":{"rendered":"<h3 id=\"accumoli-seyahat-edin-ve-dunyanin-sasirtici-bolgelerini-kesfedin-ve-bu-konuda-iyi-hissedin\" style=\"text-align: center;\">Accumoli &#8211; Seyahat edin ve d\u00fcnyan\u0131n \u015fa\u015f\u0131rt\u0131c\u0131 b\u00f6lgelerini ke\u015ffedin ve bu konuda iyi hissedin!<\/h3>\n<p>Her zaman sizi benzersiz hissettirebilecek, yenilenmi\u015f ve birlikte gitmek i\u00e7in heyecanl\u0131 hissetmenizi sa\u011flayacak bir hedef vard\u0131r. <a href=\"https:\/\/accumoli.com\/\"><em><strong>Accumoli.com<\/strong><\/em><\/a>&#8216;un misyonu, seyahatlerinizden ve tatillerinizden en iyi \u015fekilde yararlanman\u0131za yard\u0131mc\u0131 olmakt\u0131r. Pi\u015fman olmadan paran\u0131z\u0131 ve zaman\u0131n\u0131z\u0131 harcamaya de\u011fer oldu\u011funu bildi\u011fimiz yerler i\u00e7in ipu\u00e7lar\u0131, \u00f6neriler ve faydal\u0131 bilgiler payla\u015faca\u011f\u0131z.<\/p>\n<p><a href=\"https:\/\/accumoli.com\/\"><em>Accumoli.com<\/em><\/a>, gitti\u011finiz her yerde seyahatinizi daha e\u011flenceli ve heyecanl\u0131 hale getirebilecek makaleleri payla\u015fmaktan mutluluk duyan bir seyahat ve tatil blog sitesidir. Hedef rehberleri, yer incelemeleri ve bir s\u00fcr\u00fc faydal\u0131 tavsiye bekleyin. Herhangi bir yere seyahat etmeyi planl\u0131yorsan\u0131z, planlaman\u0131n stresini atman\u0131za yard\u0131mc\u0131 olabilecek faydal\u0131 bilgiler toplamak i\u00e7in do\u011fru yerdesiniz.<\/p>\n<p><a href=\"https:\/\/accumoli.com\/\"><em>Accumoli.com<\/em><\/a> ile bir sonraki<a href=\"https:\/\/accumoli.com\/\"><em><strong> Seyahat ve Tatil<\/strong><\/em><\/a> maceran\u0131z i\u00e7in g\u00fczel yerleri ve destinasyonlar\u0131 bug\u00fcn kontrol etmeye ba\u015flay\u0131n!<\/p>\n<p><a href=\"https:\/\/accumoli.com\/\"><img loading=\"lazy\" decoding=\"async\" class=\"aligncenter wp-image-318\" title=\"Accumoli - Seyahat edin ve d\u00fcnyan\u0131n \u015fa\u015f\u0131rt\u0131c\u0131 b\u00f6lgelerini ke\u015ffedin ve bu konuda iyi hissedin!\" src=\"https:\/\/accumoli.com\/tr\/wp-content\/uploads\/2022\/03\/ACCUMOLI-FAVICON.png\" alt=\"Accumoli - Seyahat edin ve d\u00fcnyan\u0131n \u015fa\u015f\u0131rt\u0131c\u0131 b\u00f6lgelerini ke\u015ffedin ve bu konuda iyi hissedin!\" width=\"300\" height=\"300\" srcset=\"https:\/\/accumoli.com\/tr\/wp-content\/uploads\/2022\/03\/ACCUMOLI-FAVICON.png 512w, https:\/\/accumoli.com\/tr\/wp-content\/uploads\/2022\/03\/ACCUMOLI-FAVICON-60x60.png 60w, https:\/\/accumoli.com\/tr\/wp-content\/uploads\/2022\/03\/ACCUMOLI-FAVICON-80x80.png 80w, https:\/\/accumoli.com\/tr\/wp-content\/uploads\/2022\/03\/ACCUMOLI-FAVICON-120x120.png 120w, https:\/\/accumoli.com\/tr\/wp-content\/uploads\/2022\/03\/ACCUMOLI-FAVICON-90x90.png 90w, https:\/\/accumoli.com\/tr\/wp-content\/uploads\/2022\/03\/ACCUMOLI-FAVICON-320x320.png 320w\" sizes=\"auto, (max-width: 300px) 100vw, 300px\" \/><\/a><\/p>\n","protected":false},"excerpt":{"rendered":"<p>Accumoli &#8211; Seyahat edin ve d\u00fcnyan\u0131n \u015fa\u015f\u0131rt\u0131c\u0131 b\u00f6lgelerini ke\u015ffedin ve bu konuda iyi hissedin! Her zaman sizi benzersiz hissettirebilecek, yenilenmi\u015f ve birlikte gitmek i\u00e7in heyecanl\u0131 hissetmenizi sa\u011flayacak bir hedef vard\u0131r.&hellip;<\/p>\n","protected":false},"author":1,"featured_media":0,"parent":0,"menu_order":0,"comment_status":"closed","ping_status":"closed","template":"","meta":{"footnotes":""},"class_list":["post-21","page","type-page","status-publish"],"_links":{"self":[{"href":"https:\/\/accumoli.com\/tr\/wp-json\/wp\/v2\/pages\/21","targetHints":{"allow":["GET"]}}],"collection":[{"href":"https:\/\/accumoli.com\/tr\/wp-json\/wp\/v2\/pages"}],"about":[{"href":"https:\/\/accumoli.com\/tr\/wp-json\/wp\/v2\/types\/page"}],"author":[{"embeddable":true,"href":"https:\/\/accumoli.com\/tr\/wp-json\/wp\/v2\/users\/1"}],"replies":[{"embeddable":true,"href":"https:\/\/accumoli.com\/tr\/wp-json\/wp\/v2\/comments?post=21"}],"version-history":[{"count":4,"href":"https:\/\/accumoli.com\/tr\/wp-json\/wp\/v2\/pages\/21\/revisions"}],"predecessor-version":[{"id":320,"href":"https:\/\/accumoli.com\/tr\/wp-json\/wp\/v2\/pages\/21\/revisions\/320"}],"wp:attachment":[{"href":"https:\/\/accumoli.com\/tr\/wp-json\/wp\/v2\/media?parent=21"}],"curies":[{"name":"wp","href":"https:\/\/api.w.org\/{rel}","templated":true}]}}