{"id":21,"date":"2022-02-02T11:03:46","date_gmt":"2022-02-02T11:03:46","guid":{"rendered":"https:\/\/accumoli.com\/?page_id=21"},"modified":"2022-05-25T16:26:43","modified_gmt":"2022-05-25T16:26:43","slug":"about-us","status":"publish","type":"page","link":"https:\/\/accumoli.com\/pl\/about-us\/","title":{"rendered":"O nas"},"content":{"rendered":"<h3 id=\"accumoli-com-podrozuj-i-odkrywaj-zaskakujace-zakatki-swiata-i-czuj-sie-z-tym-dobrze\"><span>Accumoli.com \u2013 Podr\u00f3\u017cuj i odkrywaj zaskakuj\u0105ce zak\u0105tki \u015bwiata i czuj si\u0119 z tym dobrze!<\/span><\/h3>\n<p><span>Zawsze jest miejsce, kt\u00f3re sprawi, \u017ce poczujesz si\u0119 wyj\u0105tkowy, od\u015bwie\u017cony i podekscytowany wyjazdem.\u00a0<\/span><a href=\"https:\/\/accumoli.com\/\" rel=\"\"><em><strong><span>Misj\u0105 Accumoli.com<\/span><\/strong><\/em><\/a><span>\u00a0jest pomoc w jak najlepszym wykorzystaniu\u00a0<\/span><em><strong><span>podr\u00f3\u017cy<\/span><\/strong><\/em><span>\u00a0i\u00a0<\/span><em><strong><span>wakacji<\/span><\/strong><\/em><span>\u00a0wartych do\u015bwiadczenia.\u00a0Podzielimy si\u0119 wskaz\u00f3wkami, rekomendacjami i przydatnymi informacjami dotycz\u0105cymi miejsc, o kt\u00f3rych wiemy, \u017ce warto bez \u017calu wyda\u0107 swoje pieni\u0105dze i czas.<\/span><\/p>\n<p><a href=\"https:\/\/accumoli.com\/\" rel=\"\"><em><span>Accumoli.com<\/span><\/em><\/a><span>\u00a0to blog o podr\u00f3\u017cach i wakacjach, kt\u00f3ry ch\u0119tnie udost\u0119pnia artyku\u0142y, dzi\u0119ki kt\u00f3rym podr\u00f3\u017c mo\u017ce by\u0107 przyjemniejsza i bardziej ekscytuj\u0105ca, gdziekolwiek jeste\u015b.\u00a0Oczekuj przewodnik\u00f3w po miejscach docelowych, przegl\u0105du miejsc i wielu przydatnych porad.\u00a0Je\u015bli planujesz wyjazd w dowolne miejsce, jeste\u015b we w\u0142a\u015bciwym miejscu, aby zebra\u0107 przydatne informacje, kt\u00f3re pomog\u0105 Ci pozby\u0107 si\u0119 stresu zwi\u0105zanego z planowaniem.<\/span><\/p>\n<p><span>Zacznij sprawdza\u0107 pi\u0119kne miejsca i cele podr\u00f3\u017cy na nast\u0119pny<\/span><span>przygod\u0119 z<a href=\"https:\/\/accumoli.com\/\" rel=\"\"><em><strong>\u00a0podr\u00f3\u017cy i wakacji<\/strong><\/em><\/a><\/span><a href=\"https:\/\/accumoli.com\/\" rel=\"\"><em><span>\u00a0z Accumoli.com<\/span><\/em><\/a><span>\u00a0!<\/span><\/p>\n","protected":false},"excerpt":{"rendered":"<p>Accumoli.com \u2013 Podr\u00f3\u017cuj i odkrywaj zaskakuj\u0105ce zak\u0105tki \u015bwiata i czuj si\u0119 z tym dobrze! Zawsze jest miejsce, kt\u00f3re sprawi, \u017ce poczujesz si\u0119 wyj\u0105tkowy, od\u015bwie\u017cony i podekscytowany wyjazdem.\u00a0Misj\u0105 Accumoli.com\u00a0jest pomoc w&hellip;<\/p>\n","protected":false},"author":1,"featured_media":0,"parent":0,"menu_order":0,"comment_status":"closed","ping_status":"closed","template":"","meta":{"footnotes":""},"class_list":["post-21","page","type-page","status-publish"],"_links":{"self":[{"href":"https:\/\/accumoli.com\/pl\/wp-json\/wp\/v2\/pages\/21","targetHints":{"allow":["GET"]}}],"collection":[{"href":"https:\/\/accumoli.com\/pl\/wp-json\/wp\/v2\/pages"}],"about":[{"href":"https:\/\/accumoli.com\/pl\/wp-json\/wp\/v2\/types\/page"}],"author":[{"embeddable":true,"href":"https:\/\/accumoli.com\/pl\/wp-json\/wp\/v2\/users\/1"}],"replies":[{"embeddable":true,"href":"https:\/\/accumoli.com\/pl\/wp-json\/wp\/v2\/comments?post=21"}],"version-history":[{"count":1,"href":"https:\/\/accumoli.com\/pl\/wp-json\/wp\/v2\/pages\/21\/revisions"}],"predecessor-version":[{"id":427,"href":"https:\/\/accumoli.com\/pl\/wp-json\/wp\/v2\/pages\/21\/revisions\/427"}],"wp:attachment":[{"href":"https:\/\/accumoli.com\/pl\/wp-json\/wp\/v2\/media?parent=21"}],"curies":[{"name":"wp","href":"https:\/\/api.w.org\/{rel}","templated":true}]}}