{"id":21,"date":"2022-02-02T11:03:46","date_gmt":"2022-02-02T11:03:46","guid":{"rendered":"https:\/\/accumoli.com\/?page_id=21"},"modified":"2022-03-23T09:32:23","modified_gmt":"2022-03-23T09:32:23","slug":"about-us","status":"publish","type":"page","link":"https:\/\/accumoli.com\/es\/about-us\/","title":{"rendered":"Sobre Nosotros"},"content":{"rendered":"<h3 id=\"accumoli-viaja-y-descubre-las-partes-sorprendentes-del-mundo-y-sientete-bien-al-respecto\" style=\"text-align: center;\">Accumoli &#8211; \u00a1Viaja y descubre las partes sorprendentes del mundo y si\u00e9ntete bien al respecto!<\/h3>\n<p>Siempre hay un destino que puede hacerte sentir \u00fanico y puede hacerte sentir renovado y emocionado de ir. La misi\u00f3n de <a href=\"https:\/\/accumoli.com\/\"><em><strong>Accumoli.com<\/strong><\/em><\/a> es ayudarlo a aprovechar al m\u00e1ximo sus viajes y vacaciones. Compartiremos consejos, recomendaciones e informaci\u00f3n \u00fatil de lugares en los que sabemos que vale la pena gastar su dinero y tiempo sin remordimientos.<\/p>\n<p><a href=\"https:\/\/accumoli.com\/\"><em>Accumoli.com<\/em><\/a> es un sitio web de blogs de <em><strong>viajes<\/strong><\/em> y <em><strong>vacaciones<\/strong><\/em> que se complace en compartir art\u00edculos que pueden hacer que su viaje sea m\u00e1s divertido y emocionante sin problemas dondequiera que vaya. Espere gu\u00edas de destino, rese\u00f1as de lugares y un mont\u00f3n de consejos \u00fatiles. Si est\u00e1 planeando hacer un viaje a cualquier lugar, est\u00e1 en el lugar correcto para recopilar informaci\u00f3n \u00fatil que puede ayudarlo a eliminar el estr\u00e9s de la planificaci\u00f3n.<\/p>\n<p>\u00a1Empiece hoy mismo a comprobar los hermosos lugares y destinos para su pr\u00f3xima aventura de <a href=\"https:\/\/accumoli.com\/\"><em><strong>viajes<\/strong><\/em><\/a> y <a href=\"https:\/\/accumoli.com\/\"><em><strong>vacaciones<\/strong><\/em><\/a> con <a href=\"https:\/\/accumoli.com\/\"><em>Accumoli.com<\/em><\/a>!<\/p>\n<p><a href=\"https:\/\/accumoli.com\/\"><img loading=\"lazy\" decoding=\"async\" class=\"aligncenter wp-image-315\" title=\"Accumoli - \u00a1Viaja y descubre las partes sorprendentes del mundo y si\u00e9ntete bien al respecto!\" src=\"https:\/\/accumoli.com\/es\/wp-content\/uploads\/2022\/03\/ACCUMOLI-FAVICON.png\" alt=\"Accumoli - \u00a1Viaja y descubre las partes sorprendentes del mundo y si\u00e9ntete bien al respecto!\" width=\"300\" height=\"300\" srcset=\"https:\/\/accumoli.com\/es\/wp-content\/uploads\/2022\/03\/ACCUMOLI-FAVICON.png 512w, https:\/\/accumoli.com\/es\/wp-content\/uploads\/2022\/03\/ACCUMOLI-FAVICON-60x60.png 60w, https:\/\/accumoli.com\/es\/wp-content\/uploads\/2022\/03\/ACCUMOLI-FAVICON-80x80.png 80w, https:\/\/accumoli.com\/es\/wp-content\/uploads\/2022\/03\/ACCUMOLI-FAVICON-120x120.png 120w, https:\/\/accumoli.com\/es\/wp-content\/uploads\/2022\/03\/ACCUMOLI-FAVICON-90x90.png 90w, https:\/\/accumoli.com\/es\/wp-content\/uploads\/2022\/03\/ACCUMOLI-FAVICON-320x320.png 320w\" sizes=\"auto, (max-width: 300px) 100vw, 300px\" \/><\/a><\/p>\n","protected":false},"excerpt":{"rendered":"<p>Accumoli &#8211; \u00a1Viaja y descubre las partes sorprendentes del mundo y si\u00e9ntete bien al respecto! Siempre hay un destino que puede hacerte sentir \u00fanico y puede hacerte sentir renovado y&hellip;<\/p>\n","protected":false},"author":1,"featured_media":0,"parent":0,"menu_order":0,"comment_status":"closed","ping_status":"closed","template":"","meta":{"footnotes":""},"class_list":["post-21","page","type-page","status-publish"],"_links":{"self":[{"href":"https:\/\/accumoli.com\/es\/wp-json\/wp\/v2\/pages\/21","targetHints":{"allow":["GET"]}}],"collection":[{"href":"https:\/\/accumoli.com\/es\/wp-json\/wp\/v2\/pages"}],"about":[{"href":"https:\/\/accumoli.com\/es\/wp-json\/wp\/v2\/types\/page"}],"author":[{"embeddable":true,"href":"https:\/\/accumoli.com\/es\/wp-json\/wp\/v2\/users\/1"}],"replies":[{"embeddable":true,"href":"https:\/\/accumoli.com\/es\/wp-json\/wp\/v2\/comments?post=21"}],"version-history":[{"count":3,"href":"https:\/\/accumoli.com\/es\/wp-json\/wp\/v2\/pages\/21\/revisions"}],"predecessor-version":[{"id":317,"href":"https:\/\/accumoli.com\/es\/wp-json\/wp\/v2\/pages\/21\/revisions\/317"}],"wp:attachment":[{"href":"https:\/\/accumoli.com\/es\/wp-json\/wp\/v2\/media?parent=21"}],"curies":[{"name":"wp","href":"https:\/\/api.w.org\/{rel}","templated":true}]}}