{"id":21,"date":"2022-02-02T11:03:46","date_gmt":"2022-02-02T11:03:46","guid":{"rendered":"https:\/\/accumoli.com\/de\/uber-uns"},"modified":"2022-03-25T15:47:30","modified_gmt":"2022-03-25T15:47:30","slug":"uber-uns","status":"publish","type":"page","link":"https:\/\/accumoli.com\/de\/uber-uns\/","title":{"rendered":"\u00dcber uns"},"content":{"rendered":"<h3 id=\"accumoli-com-reisen-und-entdecken-sie-die-uberraschenden-teile-der-welt-und-fuhlen-sie-sich-dabei-wohl\">Accumoli.com \u2013 Reisen und Entdecken Sie die \u00fcberraschenden Teile der Welt und f\u00fchlen Sie sich dabei wohl!<\/h3>\n<p>Es gibt immer ein Ziel, das Ihnen das Gef\u00fchl geben kann, einzigartig zu sein, und das Sie erfrischt und aufgeregt f\u00fchlen l\u00e4sst.\u00a0<a href=\"https:\/\/accumoli-com\" rel=\"\"><em><strong>Die Mission von Accumoli.com<\/strong><\/em><\/a>\u00a0ist es, Ihnen dabei zu helfen, das Beste aus Ihren\u00a0<em><strong>Reisen<\/strong><\/em>\u00a0und\u00a0<em><strong>Ferien<\/strong><\/em>\u00a0zu machen, die Ihre Erfahrung wert sind.\u00a0Wir teilen Tipps, Empfehlungen und n\u00fctzliche Informationen f\u00fcr Orte, von denen wir wissen, dass es sich lohnt, Ihr Geld und Ihre Zeit ohne Reue auszugeben.<\/p>\n<p><a href=\"https:\/\/accumoli-com\" rel=\"\"><em>Accumoli.com<\/em><\/a>\u00a0ist eine Reise- und Urlaubs-Blog-Website, die gerne Artikel teilt, die Ihre Reise ohne Probleme unterhaltsamer und aufregender machen k\u00f6nnen, wohin Sie auch gehen.\u00a0Erwarten Sie Reisef\u00fchrer, Ortsbewertungen und eine Reihe n\u00fctzlicher Ratschl\u00e4ge.\u00a0Wenn Sie planen, irgendwohin zu reisen, sind Sie hier genau richtig, um n\u00fctzliche Informationen zu sammeln, die Ihnen helfen k\u00f6nnen, den Planungsstress zu verringern.<\/p>\n<p>Suchen Sie noch heute mit\u00a0<a href=\"https:\/\/accumoli-com\" rel=\"\"><em>Accumoli.com<\/em><\/a>\u00a0nach den sch\u00f6nsten Orten und Reisezielen f\u00fcr Ihr n\u00e4chstes\u00a0<a href=\"https:\/\/accumoli-com\" rel=\"\"><em><strong>Reise- und Urlaubsabenteuer<\/strong><\/em><\/a>\u00a0!<\/p>\n","protected":false},"excerpt":{"rendered":"<p>Accumoli.com \u2013 Reisen und Entdecken Sie die \u00fcberraschenden Teile der Welt und f\u00fchlen Sie sich dabei wohl! Es gibt immer ein Ziel, das Ihnen das Gef\u00fchl geben kann, einzigartig zu&hellip;<\/p>\n","protected":false},"author":1,"featured_media":0,"parent":0,"menu_order":0,"comment_status":"closed","ping_status":"closed","template":"","meta":{"footnotes":""},"class_list":["post-21","page","type-page","status-publish"],"_links":{"self":[{"href":"https:\/\/accumoli.com\/de\/wp-json\/wp\/v2\/pages\/21","targetHints":{"allow":["GET"]}}],"collection":[{"href":"https:\/\/accumoli.com\/de\/wp-json\/wp\/v2\/pages"}],"about":[{"href":"https:\/\/accumoli.com\/de\/wp-json\/wp\/v2\/types\/page"}],"author":[{"embeddable":true,"href":"https:\/\/accumoli.com\/de\/wp-json\/wp\/v2\/users\/1"}],"replies":[{"embeddable":true,"href":"https:\/\/accumoli.com\/de\/wp-json\/wp\/v2\/comments?post=21"}],"version-history":[{"count":3,"href":"https:\/\/accumoli.com\/de\/wp-json\/wp\/v2\/pages\/21\/revisions"}],"predecessor-version":[{"id":384,"href":"https:\/\/accumoli.com\/de\/wp-json\/wp\/v2\/pages\/21\/revisions\/384"}],"wp:attachment":[{"href":"https:\/\/accumoli.com\/de\/wp-json\/wp\/v2\/media?parent=21"}],"curies":[{"name":"wp","href":"https:\/\/api.w.org\/{rel}","templated":true}]}}