{"id":21,"date":"2022-02-02T11:03:46","date_gmt":"2022-02-02T11:03:46","guid":{"rendered":"https:\/\/accumoli.com\/?page_id=21"},"modified":"2022-03-23T07:56:44","modified_gmt":"2022-03-23T07:56:44","slug":"about-us","status":"publish","type":"page","link":"https:\/\/accumoli.com\/br\/about-us\/","title":{"rendered":"Sobre N\u00f3s"},"content":{"rendered":"<h3 id=\"accumoli-com-viaje-e-descubra-as-partes-surpreendentes-do-mundo-e-sinta-se-bem-com-isso\" style=\"text-align: center;\">Accumoli.com &#8211; Viaje e Descubra as partes surpreendentes do mundo e sinta-se bem com isso!<\/h3>\n<p>H\u00e1 sempre um destino que pode fazer voc\u00ea se sentir \u00fanico e pode fazer voc\u00ea se sentir revigorado e animado para ir. A miss\u00e3o da <a href=\"https:\/\/accumoli.com\/\"><em><strong>Accumoli.com<\/strong><\/em><\/a> \u00e9 ajud\u00e1-lo a aproveitar ao m\u00e1ximo suas <em><strong>viagens e f\u00e9rias<\/strong><\/em>. Compartilharemos dicas, recomenda\u00e7\u00f5es e informa\u00e7\u00f5es \u00fateis para lugares que sabemos que valem a pena gastar seu tempo e dinheiro sem arrependimentos.<\/p>\n<p><a href=\"https:\/\/accumoli.com\/\"><em>Accumoli.com<\/em><\/a> \u00e9 um site de blog de viagens e f\u00e9rias que tem o prazer de compartilhar artigos que podem tornar sua viagem mais divertida e emocionante sem problemas onde quer que voc\u00ea v\u00e1. Espere guias de destino, revis\u00e3o de lugares e um monte de conselhos \u00fateis. Se voc\u00ea est\u00e1 planejando fazer uma viagem para qualquer lugar, est\u00e1 no lugar certo para reunir informa\u00e7\u00f5es \u00fateis que podem ajud\u00e1-lo a tirar o estresse do planejamento.<\/p>\n<p>Comece a verificar os belos lugares e destinos para sua pr\u00f3xima aventura de <a href=\"https:\/\/accumoli.com\/\"><em><strong>viagem e f\u00e9rias<\/strong><\/em><\/a> com <a href=\"https:\/\/accumoli.com\/\"><em>Accumoli.com<\/em><\/a> hoje!<\/p>\n<p><a href=\"https:\/\/accumoli.com\/\"><img loading=\"lazy\" decoding=\"async\" class=\"aligncenter wp-image-484\" title=\"Accumoli.com - Viaje e Descubra as partes surpreendentes do mundo e sinta-se bem com isso!\" src=\"https:\/\/accumoli.com\/br\/wp-content\/uploads\/2022\/03\/ACCUMOLI-FAVICON.png\" alt=\"Accumoli.com - Viaje e Descubra as partes surpreendentes do mundo e sinta-se bem com isso!\" width=\"300\" height=\"300\" srcset=\"https:\/\/accumoli.com\/br\/wp-content\/uploads\/2022\/03\/ACCUMOLI-FAVICON.png 512w, https:\/\/accumoli.com\/br\/wp-content\/uploads\/2022\/03\/ACCUMOLI-FAVICON-60x60.png 60w, https:\/\/accumoli.com\/br\/wp-content\/uploads\/2022\/03\/ACCUMOLI-FAVICON-80x80.png 80w, https:\/\/accumoli.com\/br\/wp-content\/uploads\/2022\/03\/ACCUMOLI-FAVICON-120x120.png 120w, https:\/\/accumoli.com\/br\/wp-content\/uploads\/2022\/03\/ACCUMOLI-FAVICON-90x90.png 90w, https:\/\/accumoli.com\/br\/wp-content\/uploads\/2022\/03\/ACCUMOLI-FAVICON-320x320.png 320w\" sizes=\"auto, (max-width: 300px) 100vw, 300px\" \/><\/a><\/p>\n","protected":false},"excerpt":{"rendered":"<p>Accumoli.com &#8211; Viaje e Descubra as partes surpreendentes do mundo e sinta-se bem com isso! H\u00e1 sempre um destino que pode fazer voc\u00ea se sentir \u00fanico e pode fazer voc\u00ea&hellip;<\/p>\n","protected":false},"author":1,"featured_media":0,"parent":0,"menu_order":0,"comment_status":"closed","ping_status":"closed","template":"","meta":{"footnotes":""},"class_list":["post-21","page","type-page","status-publish"],"_links":{"self":[{"href":"https:\/\/accumoli.com\/br\/wp-json\/wp\/v2\/pages\/21","targetHints":{"allow":["GET"]}}],"collection":[{"href":"https:\/\/accumoli.com\/br\/wp-json\/wp\/v2\/pages"}],"about":[{"href":"https:\/\/accumoli.com\/br\/wp-json\/wp\/v2\/types\/page"}],"author":[{"embeddable":true,"href":"https:\/\/accumoli.com\/br\/wp-json\/wp\/v2\/users\/1"}],"replies":[{"embeddable":true,"href":"https:\/\/accumoli.com\/br\/wp-json\/wp\/v2\/comments?post=21"}],"version-history":[{"count":5,"href":"https:\/\/accumoli.com\/br\/wp-json\/wp\/v2\/pages\/21\/revisions"}],"predecessor-version":[{"id":489,"href":"https:\/\/accumoli.com\/br\/wp-json\/wp\/v2\/pages\/21\/revisions\/489"}],"wp:attachment":[{"href":"https:\/\/accumoli.com\/br\/wp-json\/wp\/v2\/media?parent=21"}],"curies":[{"name":"wp","href":"https:\/\/api.w.org\/{rel}","templated":true}]}}